{"id":4199,"date":"2024-05-07T09:14:21","date_gmt":"2024-05-07T09:14:21","guid":{"rendered":"https:\/\/chinaafricasourcing.com\/?page_id=4199"},"modified":"2024-05-10T08:49:19","modified_gmt":"2024-05-10T08:49:19","slug":"news-center","status":"publish","type":"page","link":"https:\/\/chinaafricasourcing.com\/fr\/news-center\/","title":{"rendered":"News Center"},"content":{"rendered":"<div data-elementor-type=\"wp-page\" data-elementor-id=\"4199\" class=\"elementor elementor-4199\" data-elementor-post-type=\"page\">\n\t\t\t\t<div class=\"elementor-element elementor-element-64aa777 e-flex e-con-boxed e-con e-parent\" data-id=\"64aa777\" data-element_type=\"container\">\n\t\t\t\t\t<div class=\"e-con-inner\">\n\t\t\t\t<div class=\"elementor-element elementor-element-26991e8 elementor-widget elementor-widget-spacer\" data-id=\"26991e8\" data-element_type=\"widget\" data-widget_type=\"spacer.default\">\n\t\t\t\t<div class=\"elementor-widget-container\">\n\t\t\t<style>\/*! elementor - v3.21.0 - 25-04-2024 *\/\n.elementor-column .elementor-spacer-inner{height:var(--spacer-size)}.e-con{--container-widget-width:100%}.e-con-inner>.elementor-widget-spacer,.e-con>.elementor-widget-spacer{width:var(--container-widget-width,var(--spacer-size));--align-self:var(--container-widget-align-self,initial);--flex-shrink:0}.e-con-inner>.elementor-widget-spacer>.elementor-widget-container,.e-con>.elementor-widget-spacer>.elementor-widget-container{height:100%;width:100%}.e-con-inner>.elementor-widget-spacer>.elementor-widget-container>.elementor-spacer,.e-con>.elementor-widget-spacer>.elementor-widget-container>.elementor-spacer{height:100%}.e-con-inner>.elementor-widget-spacer>.elementor-widget-container>.elementor-spacer>.elementor-spacer-inner,.e-con>.elementor-widget-spacer>.elementor-widget-container>.elementor-spacer>.elementor-spacer-inner{height:var(--container-widget-height,var(--spacer-size))}.e-con-inner>.elementor-widget-spacer.elementor-widget-empty,.e-con>.elementor-widget-spacer.elementor-widget-empty{position:relative;min-height:22px;min-width:22px}.e-con-inner>.elementor-widget-spacer.elementor-widget-empty .elementor-widget-empty-icon,.e-con>.elementor-widget-spacer.elementor-widget-empty .elementor-widget-empty-icon{position:absolute;top:0;bottom:0;left:0;right:0;margin:auto;padding:0;width:22px;height:22px}<\/style>\t\t<div class=\"elementor-spacer\">\n\t\t\t<div class=\"elementor-spacer-inner\"><\/div>\n\t\t<\/div>\n\t\t\t\t<\/div>\n\t\t\t\t<\/div>\n\t\t\t\t\t<\/div>\n\t\t\t\t<\/div>\n\t\t<div class=\"elementor-element elementor-element-87a895e e-flex e-con-boxed e-con e-parent\" data-id=\"87a895e\" data-element_type=\"container\">\n\t\t\t\t\t<div class=\"e-con-inner\">\n\t\t\t\t<div class=\"elementor-element elementor-element-42e507a elementor-grid-3 elementor-grid-tablet-2 elementor-grid-mobile-1 elementor-posts--thumbnail-top elementor-card-shadow-yes elementor-posts__hover-gradient elementor-widget elementor-widget-posts\" data-id=\"42e507a\" data-element_type=\"widget\" data-settings=\"{&quot;cards_row_gap&quot;:{&quot;unit&quot;:&quot;px&quot;,&quot;size&quot;:20,&quot;sizes&quot;:[]},&quot;cards_columns&quot;:&quot;3&quot;,&quot;cards_columns_tablet&quot;:&quot;2&quot;,&quot;cards_columns_mobile&quot;:&quot;1&quot;,&quot;cards_row_gap_tablet&quot;:{&quot;unit&quot;:&quot;px&quot;,&quot;size&quot;:&quot;&quot;,&quot;sizes&quot;:[]},&quot;cards_row_gap_mobile&quot;:{&quot;unit&quot;:&quot;px&quot;,&quot;size&quot;:&quot;&quot;,&quot;sizes&quot;:[]}}\" data-widget_type=\"posts.cards\">\n\t\t\t\t<div class=\"elementor-widget-container\">\n\t\t\t<link rel=\"stylesheet\" href=\"https:\/\/chinaafricasourcing.com\/wp-content\/plugins\/elementor-pro\/assets\/css\/widget-posts.min.css\">\t\t<div class=\"elementor-posts-container elementor-posts elementor-posts--skin-cards elementor-grid\">\n\t\t\t\t<article class=\"elementor-post elementor-grid-item post-4343 post type-post status-publish format-standard has-post-thumbnail hentry category-marketing\">\n\t\t\t<div class=\"elementor-post__card\">\n\t\t\t\t<a class=\"elementor-post__thumbnail__link\" href=\"https:\/\/chinaafricasourcing.com\/fr\/chinese-delegation-to-nrj7-event-in-kolwezi-2024\/\" tabindex=\"-1\" target=\"_blank\"><div class=\"elementor-post__thumbnail\"><img fetchpriority=\"high\" decoding=\"async\" width=\"768\" height=\"575\" src=\"https:\/\/chinaafricasourcing.com\/wp-content\/uploads\/2024\/05\/energy-sites-visit-1-768x575.jpg\" class=\"attachment-medium_large size-medium_large wp-image-4350\" alt=\"\" srcset=\"https:\/\/chinaafricasourcing.com\/wp-content\/uploads\/2024\/05\/energy-sites-visit-1-768x575.jpg 768w, https:\/\/chinaafricasourcing.com\/wp-content\/uploads\/2024\/05\/energy-sites-visit-1-300x225.jpg 300w, https:\/\/chinaafricasourcing.com\/wp-content\/uploads\/2024\/05\/energy-sites-visit-1-1024x767.jpg 1024w, https:\/\/chinaafricasourcing.com\/wp-content\/uploads\/2024\/05\/energy-sites-visit-1-1536x1151.jpg 1536w, https:\/\/chinaafricasourcing.com\/wp-content\/uploads\/2024\/05\/energy-sites-visit-1-16x12.jpg 16w, https:\/\/chinaafricasourcing.com\/wp-content\/uploads\/2024\/05\/energy-sites-visit-1.jpg 1706w\" sizes=\"(max-width: 768px) 100vw, 768px\" \/><\/div><\/a>\n\t\t\t\t<div class=\"elementor-post__text\">\n\t\t\t\t<h6 class=\"elementor-post__title\">\n\t\t\t<a href=\"https:\/\/chinaafricasourcing.com\/fr\/chinese-delegation-to-nrj7-event-in-kolwezi-2024\/\" target=\"&quot;_blank&quot;\">\n\t\t\t\tD\u00e9l\u00e9gation chinoise \u00e0 l'\u00e9v\u00e9nement NRJ7 2024\t\t\t<\/a>\n\t\t<\/h6>\n\t\t\t\t<div class=\"elementor-post__excerpt\">\n\t\t\t<p>24 chefs de village r\u00e9unis dans un h\u00f4tel \u00e0 Kolwezi Lors de notre participation<\/p>\n\t\t<\/div>\n\t\t\t\t\t<div class=\"elementor-post__read-more-wrapper\">\n\t\t\n\t\t<a class=\"elementor-post__read-more\" href=\"https:\/\/chinaafricasourcing.com\/fr\/chinese-delegation-to-nrj7-event-in-kolwezi-2024\/\" aria-label=\"En savoir plus sur Chinese Delegation to NRJ7 Event 2024\" tabindex=\"-1\" target=\"_blank\">\n\t\t\tRead More \u00bb\t\t<\/a>\n\n\t\t\t\t\t<\/div>\n\t\t\t\t<\/div>\n\t\t\t\t<div class=\"elementor-post__meta-data\">\n\t\t\t\t\t<span class=\"elementor-post-date\">\n\t\t\tmai 24, 2024\t\t<\/span>\n\t\t\t\t<span class=\"elementor-post-avatar\">\n\t\t\tAucun commentaire\t\t<\/span>\n\t\t\t\t<\/div>\n\t\t\t\t\t<\/div>\n\t\t<\/article>\n\t\t\t\t<article class=\"elementor-post elementor-grid-item post-4279 post type-post status-publish format-standard has-post-thumbnail hentry category-marketing\">\n\t\t\t<div class=\"elementor-post__card\">\n\t\t\t\t<a class=\"elementor-post__thumbnail__link\" href=\"https:\/\/chinaafricasourcing.com\/fr\/visite-de-lambassadeur-de-la-r-d-du-congo-en-chine-a-china-africa-sourcing\/\" tabindex=\"-1\" target=\"_blank\"><div class=\"elementor-post__thumbnail\"><img decoding=\"async\" width=\"768\" height=\"478\" src=\"https:\/\/chinaafricasourcing.com\/wp-content\/uploads\/2024\/05\/IMG_20240318_123049-768x478.jpg\" class=\"attachment-medium_large size-medium_large wp-image-4281\" alt=\"\" srcset=\"https:\/\/chinaafricasourcing.com\/wp-content\/uploads\/2024\/05\/IMG_20240318_123049-768x478.jpg 768w, https:\/\/chinaafricasourcing.com\/wp-content\/uploads\/2024\/05\/IMG_20240318_123049-300x187.jpg 300w, https:\/\/chinaafricasourcing.com\/wp-content\/uploads\/2024\/05\/IMG_20240318_123049-1024x638.jpg 1024w, https:\/\/chinaafricasourcing.com\/wp-content\/uploads\/2024\/05\/IMG_20240318_123049-1536x957.jpg 1536w, https:\/\/chinaafricasourcing.com\/wp-content\/uploads\/2024\/05\/IMG_20240318_123049-2048x1276.jpg 2048w, https:\/\/chinaafricasourcing.com\/wp-content\/uploads\/2024\/05\/IMG_20240318_123049-18x12.jpg 18w\" sizes=\"(max-width: 768px) 100vw, 768px\" \/><\/div><\/a>\n\t\t\t\t<div class=\"elementor-post__text\">\n\t\t\t\t<h6 class=\"elementor-post__title\">\n\t\t\t<a href=\"https:\/\/chinaafricasourcing.com\/fr\/visite-de-lambassadeur-de-la-r-d-du-congo-en-chine-a-china-africa-sourcing\/\" target=\"&quot;_blank&quot;\">\n\t\t\t\tVisite de l\u2019Ambassadeur de la R.D. du Congo en Chine \u00e0 China Africa Sourcing\t\t\t<\/a>\n\t\t<\/h6>\n\t\t\t\t<div class=\"elementor-post__excerpt\">\n\t\t\t<p>La d\u00e9l\u00e9gation de l&#8217;Ambassade de la RD Congo\uff0cdirig\u00e9e par Son Excellence M. Francois BALUMUENE NKUNA,<\/p>\n\t\t<\/div>\n\t\t\t\t\t<div class=\"elementor-post__read-more-wrapper\">\n\t\t\n\t\t<a class=\"elementor-post__read-more\" href=\"https:\/\/chinaafricasourcing.com\/fr\/visite-de-lambassadeur-de-la-r-d-du-congo-en-chine-a-china-africa-sourcing\/\" aria-label=\"En savoir plus sur Visite de l\u2019Ambassadeur de la R.D. du Congo en Chine \u00e0 China Africa Sourcing\" tabindex=\"-1\" target=\"_blank\">\n\t\t\tRead More \u00bb\t\t<\/a>\n\n\t\t\t\t\t<\/div>\n\t\t\t\t<\/div>\n\t\t\t\t<div class=\"elementor-post__meta-data\">\n\t\t\t\t\t<span class=\"elementor-post-date\">\n\t\t\tmai 10, 2024\t\t<\/span>\n\t\t\t\t<span class=\"elementor-post-avatar\">\n\t\t\tAucun commentaire\t\t<\/span>\n\t\t\t\t<\/div>\n\t\t\t\t\t<\/div>\n\t\t<\/article>\n\t\t\t\t<article class=\"elementor-post elementor-grid-item post-4085 post type-post status-publish format-standard has-post-thumbnail hentry category-marketing\">\n\t\t\t<div class=\"elementor-post__card\">\n\t\t\t\t<a class=\"elementor-post__thumbnail__link\" href=\"https:\/\/chinaafricasourcing.com\/fr\/solar-energy\/\" tabindex=\"-1\" target=\"_blank\"><div class=\"elementor-post__thumbnail\"><img decoding=\"async\" width=\"768\" height=\"892\" src=\"https:\/\/chinaafricasourcing.com\/wp-content\/uploads\/2024\/04\/Congo-Energie-fair-Concept-and-Program-9-Apr-2024-1-768x892.jpg\" class=\"attachment-medium_large size-medium_large wp-image-4246\" alt=\"\" srcset=\"https:\/\/chinaafricasourcing.com\/wp-content\/uploads\/2024\/04\/Congo-Energie-fair-Concept-and-Program-9-Apr-2024-1-768x892.jpg 768w, https:\/\/chinaafricasourcing.com\/wp-content\/uploads\/2024\/04\/Congo-Energie-fair-Concept-and-Program-9-Apr-2024-1-258x300.jpg 258w, https:\/\/chinaafricasourcing.com\/wp-content\/uploads\/2024\/04\/Congo-Energie-fair-Concept-and-Program-9-Apr-2024-1-10x12.jpg 10w, https:\/\/chinaafricasourcing.com\/wp-content\/uploads\/2024\/04\/Congo-Energie-fair-Concept-and-Program-9-Apr-2024-1.jpg 827w\" sizes=\"(max-width: 768px) 100vw, 768px\" \/><\/div><\/a>\n\t\t\t\t<div class=\"elementor-post__text\">\n\t\t\t\t<h6 class=\"elementor-post__title\">\n\t\t\t<a href=\"https:\/\/chinaafricasourcing.com\/fr\/solar-energy\/\" target=\"&quot;_blank&quot;\">\n\t\t\t\tConf\u00e9rence Energie RDC NRJ7 \u00e0 Kolwezi\t\t\t<\/a>\n\t\t<\/h6>\n\t\t\t\t<div class=\"elementor-post__excerpt\">\n\t\t\t<p>Country Introduction The Republic Democratic of Congo is located in central Africa, straddling Ecuador, sharing<\/p>\n\t\t<\/div>\n\t\t\t\t\t<div class=\"elementor-post__read-more-wrapper\">\n\t\t\n\t\t<a class=\"elementor-post__read-more\" href=\"https:\/\/chinaafricasourcing.com\/fr\/solar-energy\/\" aria-label=\"En savoir plus sur DRC NRJ7 Energy Conference in Kolwezi\" tabindex=\"-1\" target=\"_blank\">\n\t\t\tRead More \u00bb\t\t<\/a>\n\n\t\t\t\t\t<\/div>\n\t\t\t\t<\/div>\n\t\t\t\t<div class=\"elementor-post__meta-data\">\n\t\t\t\t\t<span class=\"elementor-post-date\">\n\t\t\tavril 22, 2024\t\t<\/span>\n\t\t\t\t<span class=\"elementor-post-avatar\">\n\t\t\tAucun commentaire\t\t<\/span>\n\t\t\t\t<\/div>\n\t\t\t\t\t<\/div>\n\t\t<\/article>\n\t\t\t\t<article class=\"elementor-post elementor-grid-item post-3912 post type-post status-publish format-standard has-post-thumbnail hentry category-marketing\">\n\t\t\t<div class=\"elementor-post__card\">\n\t\t\t\t<a class=\"elementor-post__thumbnail__link\" href=\"https:\/\/chinaafricasourcing.com\/fr\/china-africa-sourcing-sera-presents-du-1e-au-11e-nov-a-kinshasa-2\/\" tabindex=\"-1\" target=\"_blank\"><div class=\"elementor-post__thumbnail\"><img loading=\"lazy\" decoding=\"async\" width=\"768\" height=\"576\" src=\"https:\/\/chinaafricasourcing.com\/wp-content\/uploads\/2023\/11\/\u5fae\u4fe1\u56fe\u7247_20231109091818-\u526f\u672c-768x576.jpg\" class=\"attachment-medium_large size-medium_large wp-image-3987\" alt=\"\" srcset=\"https:\/\/chinaafricasourcing.com\/wp-content\/uploads\/2023\/11\/\u5fae\u4fe1\u56fe\u7247_20231109091818-\u526f\u672c-768x576.jpg 768w, https:\/\/chinaafricasourcing.com\/wp-content\/uploads\/2023\/11\/\u5fae\u4fe1\u56fe\u7247_20231109091818-\u526f\u672c-300x225.jpg 300w, https:\/\/chinaafricasourcing.com\/wp-content\/uploads\/2023\/11\/\u5fae\u4fe1\u56fe\u7247_20231109091818-\u526f\u672c-1024x768.jpg 1024w, https:\/\/chinaafricasourcing.com\/wp-content\/uploads\/2023\/11\/\u5fae\u4fe1\u56fe\u7247_20231109091818-\u526f\u672c-1536x1152.jpg 1536w, https:\/\/chinaafricasourcing.com\/wp-content\/uploads\/2023\/11\/\u5fae\u4fe1\u56fe\u7247_20231109091818-\u526f\u672c-16x12.jpg 16w, https:\/\/chinaafricasourcing.com\/wp-content\/uploads\/2023\/11\/\u5fae\u4fe1\u56fe\u7247_20231109091818-\u526f\u672c.jpg 1706w\" sizes=\"(max-width: 768px) 100vw, 768px\" \/><\/div><\/a>\n\t\t\t\t<div class=\"elementor-post__text\">\n\t\t\t\t<h6 class=\"elementor-post__title\">\n\t\t\t<a href=\"https:\/\/chinaafricasourcing.com\/fr\/china-africa-sourcing-sera-presents-du-1e-au-11e-nov-a-kinshasa-2\/\" target=\"&quot;_blank&quot;\">\n\t\t\t\tChina Africa Sourcing \u00e9tait pr\u00e9sent du 1er au 11 novembre \u00e0 Kinshasa !\t\t\t<\/a>\n\t\t<\/h6>\n\t\t\t\t<div class=\"elementor-post__excerpt\">\n\t\t\t<p>Our managerial team is in Kinshasa for another of our major project hotel decoration, combined<\/p>\n\t\t<\/div>\n\t\t\t\t\t<div class=\"elementor-post__read-more-wrapper\">\n\t\t\n\t\t<a class=\"elementor-post__read-more\" href=\"https:\/\/chinaafricasourcing.com\/fr\/china-africa-sourcing-sera-presents-du-1e-au-11e-nov-a-kinshasa-2\/\" aria-label=\"En savoir plus sur China Africa Sourcing was present from 1st to 11st Nov. in Kinshasa!\" tabindex=\"-1\" target=\"_blank\">\n\t\t\tRead More \u00bb\t\t<\/a>\n\n\t\t\t\t\t<\/div>\n\t\t\t\t<\/div>\n\t\t\t\t<div class=\"elementor-post__meta-data\">\n\t\t\t\t\t<span class=\"elementor-post-date\">\n\t\t\tnovembre 13, 2023\t\t<\/span>\n\t\t\t\t<span class=\"elementor-post-avatar\">\n\t\t\tAucun commentaire\t\t<\/span>\n\t\t\t\t<\/div>\n\t\t\t\t\t<\/div>\n\t\t<\/article>\n\t\t\t\t<\/div>\n\t\t\n\t\t\t\t<\/div>\n\t\t\t\t<\/div>\n\t\t\t\t\t<\/div>\n\t\t\t\t<\/div>\n\t\t\t\t<\/div>","protected":false},"excerpt":{"rendered":"Our managerial team is in Kinshasa for another of our major project hotel decoration, combined with participation to Congo B2B expo 2023. They were at Pullman hotel Kinshasa until Saturday 11th Nov to meet anyone have a project in the sectors below\u00a0 for a face to face meeting with our superstars in Kinshasa.Hotel and residential [...]","protected":false},"author":5,"featured_media":0,"parent":0,"menu_order":0,"comment_status":"closed","ping_status":"closed","template":"","meta":{"_eb_attr":"","_monsterinsights_skip_tracking":false,"_monsterinsights_sitenote_active":false,"_monsterinsights_sitenote_note":"","_monsterinsights_sitenote_category":0,"footnotes":""},"class_list":["post-4199","page","type-page","status-publish","hentry"],"yoast_head":"<!-- This site is optimized with the Yoast SEO plugin v21.2 - https:\/\/yoast.com\/wordpress\/plugins\/seo\/ -->\n<title>News Center | China Africa Sourcing<\/title>\n<meta name=\"robots\" content=\"index, follow, max-snippet:-1, max-image-preview:large, max-video-preview:-1\" \/>\n<link rel=\"canonical\" href=\"https:\/\/chinaafricasourcing.com\/fr\/news-center\/\" \/>\n<meta property=\"og:locale\" content=\"fr_FR\" \/>\n<meta property=\"og:type\" content=\"article\" \/>\n<meta property=\"og:title\" content=\"News Center | China Africa Sourcing\" \/>\n<meta property=\"og:url\" content=\"https:\/\/chinaafricasourcing.com\/fr\/news-center\/\" \/>\n<meta property=\"og:site_name\" content=\"China Africa Sourcing\" \/>\n<meta property=\"article:modified_time\" content=\"2024-05-10T08:49:19+00:00\" \/>\n<meta name=\"twitter:card\" content=\"summary_large_image\" \/>\n<meta name=\"twitter:label1\" content=\"Dur\u00e9e de lecture estim\u00e9e\" \/>\n\t<meta name=\"twitter:data1\" content=\"4 minutes\" \/>\n<script type=\"application\/ld+json\" class=\"yoast-schema-graph\">{\"@context\":\"https:\/\/schema.org\",\"@graph\":[{\"@type\":\"WebPage\",\"@id\":\"https:\/\/chinaafricasourcing.com\/fr\/news-center\/\",\"url\":\"https:\/\/chinaafricasourcing.com\/fr\/news-center\/\",\"name\":\"News Center | China Africa Sourcing\",\"isPartOf\":{\"@id\":\"https:\/\/chinaafricasourcing.com\/fr\/#website\"},\"datePublished\":\"2024-05-07T09:14:21+00:00\",\"dateModified\":\"2024-05-10T08:49:19+00:00\",\"breadcrumb\":{\"@id\":\"https:\/\/chinaafricasourcing.com\/fr\/news-center\/#breadcrumb\"},\"inLanguage\":\"fr-FR\",\"potentialAction\":[{\"@type\":\"ReadAction\",\"target\":[\"https:\/\/chinaafricasourcing.com\/fr\/news-center\/\"]}]},{\"@type\":\"BreadcrumbList\",\"@id\":\"https:\/\/chinaafricasourcing.com\/fr\/news-center\/#breadcrumb\",\"itemListElement\":[{\"@type\":\"ListItem\",\"position\":1,\"name\":\"Home\",\"item\":\"https:\/\/chinaafricasourcing.com\/\"},{\"@type\":\"ListItem\",\"position\":2,\"name\":\"News Center\"}]},{\"@type\":\"WebSite\",\"@id\":\"https:\/\/chinaafricasourcing.com\/fr\/#website\",\"url\":\"https:\/\/chinaafricasourcing.com\/fr\/\",\"name\":\"China Africa Sourcing\",\"description\":\"Your Belgian Partner for Sino-African Projects\",\"publisher\":{\"@id\":\"https:\/\/chinaafricasourcing.com\/fr\/#organization\"},\"potentialAction\":[{\"@type\":\"SearchAction\",\"target\":{\"@type\":\"EntryPoint\",\"urlTemplate\":\"https:\/\/chinaafricasourcing.com\/fr\/?s={search_term_string}\"},\"query-input\":\"required name=search_term_string\"}],\"inLanguage\":\"fr-FR\"},{\"@type\":\"Organization\",\"@id\":\"https:\/\/chinaafricasourcing.com\/fr\/#organization\",\"name\":\"China Africa Sourcing\",\"url\":\"https:\/\/chinaafricasourcing.com\/fr\/\",\"logo\":{\"@type\":\"ImageObject\",\"inLanguage\":\"fr-FR\",\"@id\":\"https:\/\/chinaafricasourcing.com\/fr\/#\/schema\/logo\/image\/\",\"url\":\"https:\/\/chinaafricasourcing.com\/wp-content\/uploads\/2022\/09\/logo-2.png\",\"contentUrl\":\"https:\/\/chinaafricasourcing.com\/wp-content\/uploads\/2022\/09\/logo-2.png\",\"width\":130,\"height\":130,\"caption\":\"China Africa Sourcing\"},\"image\":{\"@id\":\"https:\/\/chinaafricasourcing.com\/fr\/#\/schema\/logo\/image\/\"}}]}<\/script>\n<!-- \/ Yoast SEO plugin. -->","yoast_head_json":{"title":"News Center | China Africa Sourcing","robots":{"index":"index","follow":"follow","max-snippet":"max-snippet:-1","max-image-preview":"max-image-preview:large","max-video-preview":"max-video-preview:-1"},"canonical":"https:\/\/chinaafricasourcing.com\/fr\/news-center\/","og_locale":"fr_FR","og_type":"article","og_title":"News Center | China Africa Sourcing","og_url":"https:\/\/chinaafricasourcing.com\/fr\/news-center\/","og_site_name":"China Africa Sourcing","article_modified_time":"2024-05-10T08:49:19+00:00","twitter_card":"summary_large_image","twitter_misc":{"Dur\u00e9e de lecture estim\u00e9e":"4 minutes"},"schema":{"@context":"https:\/\/schema.org","@graph":[{"@type":"WebPage","@id":"https:\/\/chinaafricasourcing.com\/fr\/news-center\/","url":"https:\/\/chinaafricasourcing.com\/fr\/news-center\/","name":"News Center | China Africa Sourcing","isPartOf":{"@id":"https:\/\/chinaafricasourcing.com\/fr\/#website"},"datePublished":"2024-05-07T09:14:21+00:00","dateModified":"2024-05-10T08:49:19+00:00","breadcrumb":{"@id":"https:\/\/chinaafricasourcing.com\/fr\/news-center\/#breadcrumb"},"inLanguage":"fr-FR","potentialAction":[{"@type":"ReadAction","target":["https:\/\/chinaafricasourcing.com\/fr\/news-center\/"]}]},{"@type":"BreadcrumbList","@id":"https:\/\/chinaafricasourcing.com\/fr\/news-center\/#breadcrumb","itemListElement":[{"@type":"ListItem","position":1,"name":"Home","item":"https:\/\/chinaafricasourcing.com\/"},{"@type":"ListItem","position":2,"name":"News Center"}]},{"@type":"WebSite","@id":"https:\/\/chinaafricasourcing.com\/fr\/#website","url":"https:\/\/chinaafricasourcing.com\/fr\/","name":"Chine Afrique Sourcing","description":"Votre partenaire belge pour les projets sino-africains","publisher":{"@id":"https:\/\/chinaafricasourcing.com\/fr\/#organization"},"potentialAction":[{"@type":"SearchAction","target":{"@type":"EntryPoint","urlTemplate":"https:\/\/chinaafricasourcing.com\/fr\/?s={search_term_string}"},"query-input":"required name=search_term_string"}],"inLanguage":"fr-FR"},{"@type":"Organization","@id":"https:\/\/chinaafricasourcing.com\/fr\/#organization","name":"Chine Afrique Sourcing","url":"https:\/\/chinaafricasourcing.com\/fr\/","logo":{"@type":"ImageObject","inLanguage":"fr-FR","@id":"https:\/\/chinaafricasourcing.com\/fr\/#\/schema\/logo\/image\/","url":"https:\/\/chinaafricasourcing.com\/wp-content\/uploads\/2022\/09\/logo-2.png","contentUrl":"https:\/\/chinaafricasourcing.com\/wp-content\/uploads\/2022\/09\/logo-2.png","width":130,"height":130,"caption":"China Africa Sourcing"},"image":{"@id":"https:\/\/chinaafricasourcing.com\/fr\/#\/schema\/logo\/image\/"}}]}},"_links":{"self":[{"href":"https:\/\/chinaafricasourcing.com\/fr\/wp-json\/wp\/v2\/pages\/4199","targetHints":{"allow":["GET"]}}],"collection":[{"href":"https:\/\/chinaafricasourcing.com\/fr\/wp-json\/wp\/v2\/pages"}],"about":[{"href":"https:\/\/chinaafricasourcing.com\/fr\/wp-json\/wp\/v2\/types\/page"}],"author":[{"embeddable":true,"href":"https:\/\/chinaafricasourcing.com\/fr\/wp-json\/wp\/v2\/users\/5"}],"replies":[{"embeddable":true,"href":"https:\/\/chinaafricasourcing.com\/fr\/wp-json\/wp\/v2\/comments?post=4199"}],"version-history":[{"count":55,"href":"https:\/\/chinaafricasourcing.com\/fr\/wp-json\/wp\/v2\/pages\/4199\/revisions"}],"predecessor-version":[{"id":4337,"href":"https:\/\/chinaafricasourcing.com\/fr\/wp-json\/wp\/v2\/pages\/4199\/revisions\/4337"}],"wp:attachment":[{"href":"https:\/\/chinaafricasourcing.com\/fr\/wp-json\/wp\/v2\/media?parent=4199"}],"curies":[{"name":"wp","href":"https:\/\/api.w.org\/{rel}","templated":true}]}}