{"id":3182,"date":"2021-05-20T10:03:59","date_gmt":"2021-05-20T10:03:59","guid":{"rendered":"https:\/\/chinaafricasourcing.com\/?page_id=3182"},"modified":"2024-07-02T09:03:12","modified_gmt":"2024-07-02T09:03:12","slug":"machinery-and-equipment","status":"publish","type":"page","link":"https:\/\/chinaafricasourcing.com\/fr\/machinery-and-equipment\/","title":{"rendered":"Machines et \u00e9quipements"},"content":{"rendered":"<div data-vc-full-width=\"true\" data-vc-full-width-init=\"false\" class=\"vc_row wpb_row vc_row-fluid service-page service-list\"><div class=\"wpb_column vc_column_container vc_col-sm-12\"><div class=\"vc_column-inner\"><div class=\"wpb_wrapper\">\n<div class=\"sec-title\">\n\t<div class=\"tag-line\"><\/div><!-- \/.tag-line -->\n\t<h2>Nos Produits<\/h2>\n<\/div>\n\n\t<div class=\"wpb_text_column wpb_content_element\" >\n\t\t<div class=\"wpb_wrapper\">\n\t\t\t<p>Nous aidons nos clients \u00e0 acheter toutes sortes de machines et d'\u00e9quipements chinois pour l'Afrique tels que des \u00e9quipements agricoles, des \u00e9quipements \u00e9nerg\u00e9tiques, des machines de construction et des \u00e9quipements de transport.<\/p>\n\n\t\t<\/div>\n\t<\/div>\n<div class=\"vc_empty_space\"   style=\"height: 30px\"><span class=\"vc_empty_space_inner\"><\/span><\/div><div class=\"vc_row wpb_row vc_inner vc_row-fluid\"><div class=\"wpb_column vc_column_container vc_col-sm-6\"><div class=\"vc_column-inner\"><div class=\"wpb_wrapper\"><div class=\"vc-hoverbox-wrapper  vc-hoverbox-shape--rounded vc-hoverbox-align--center vc-hoverbox-direction--default vc-hoverbox-width--100\"  ontouchstart=\"\">\n  <div class=\"vc-hoverbox\">\n    <div class=\"vc-hoverbox-inner\">\n      <div class=\"vc-hoverbox-block vc-hoverbox-front\" style=\"background-image: url(https:\/\/chinaafricasourcing.com\/wp-content\/uploads\/2021\/05\/john-deere-8370r-3288624_1280-1024x574.jpg);\">\n        <div class=\"vc-hoverbox-block-inner vc-hoverbox-front-inner\">\n            <h2 style=\"text-align:center\">\u00c9quipement Agricole<\/h2>\n        <\/div>\n      <\/div>\n      <div class=\"vc-hoverbox-block vc-hoverbox-back\" style=\"background-color: #ebebeb;\">\n        <div class=\"vc-hoverbox-block-inner vc-hoverbox-back-inner\">\n            <h2 style=\"text-align:center\">\u00c9quipement Agricole<\/h2>\n            \n            \n        <\/div>\n      <\/div>\n    <\/div>\n  <\/div>\n<\/div><div class=\"vc_btn3-container vc_btn3-center vc_custom_1621505264118\" ><a class=\"vc_general vc_btn3 vc_btn3-size-md vc_btn3-shape-round vc_btn3-style-modern vc_btn3-block vc_btn3-color-danger\" href=\"\/fr\/portfolio-cats\/agricultural-equipment\/\" title=\"\">Voir les produits<\/a><\/div><\/div><\/div><\/div><div class=\"wpb_column vc_column_container vc_col-sm-6\"><div class=\"vc_column-inner\"><div class=\"wpb_wrapper\"><div class=\"vc-hoverbox-wrapper  vc-hoverbox-shape--rounded vc-hoverbox-align--center vc-hoverbox-direction--default vc-hoverbox-width--100\"  ontouchstart=\"\">\n  <div class=\"vc-hoverbox\">\n    <div class=\"vc-hoverbox-inner\">\n      <div class=\"vc-hoverbox-block vc-hoverbox-front\" style=\"background-image: url(https:\/\/chinaafricasourcing.com\/wp-content\/uploads\/2021\/08\/construction-4141501_1280-1-copie-1024x546.jpg);\">\n        <div class=\"vc-hoverbox-block-inner vc-hoverbox-front-inner\">\n            <h2 style=\"text-align:center\">Machines et \u00e9quipements de construction<\/h2>\n        <\/div>\n      <\/div>\n      <div class=\"vc-hoverbox-block vc-hoverbox-back\" style=\"background-color: #ebebeb;\">\n        <div class=\"vc-hoverbox-block-inner vc-hoverbox-back-inner\">\n            <h2 style=\"text-align:center\">Machines et \u00e9quipements de construction<\/h2>\n            \n            \n        <\/div>\n      <\/div>\n    <\/div>\n  <\/div>\n<\/div><div class=\"vc_btn3-container vc_btn3-center vc_custom_1621505290648\" ><a class=\"vc_general vc_btn3 vc_btn3-size-md vc_btn3-shape-round vc_btn3-style-modern vc_btn3-block vc_btn3-color-danger\" href=\"\/fr\/portfolio-cats\/construction-machinery-and-equipment\/\" title=\"\">Voir les produits<\/a><\/div><\/div><\/div><\/div><\/div><div class=\"vc_row wpb_row vc_inner vc_row-fluid\"><div class=\"wpb_column vc_column_container vc_col-sm-6\"><div class=\"vc_column-inner\"><div class=\"wpb_wrapper\"><div class=\"vc-hoverbox-wrapper  vc-hoverbox-shape--rounded vc-hoverbox-align--center vc-hoverbox-direction--default vc-hoverbox-width--100\"  ontouchstart=\"\">\n  <div class=\"vc-hoverbox\">\n    <div class=\"vc-hoverbox-inner\">\n      <div class=\"vc-hoverbox-block vc-hoverbox-front\" style=\"background-image: url(https:\/\/chinaafricasourcing.com\/wp-content\/uploads\/2021\/08\/Solar-Power-Plant-on-grid-copie.jpg);\">\n        <div class=\"vc-hoverbox-block-inner vc-hoverbox-front-inner\">\n            <h2 style=\"text-align:center\">\u00c9quipement \u00e9nerg\u00e9tique<\/h2>\n        <\/div>\n      <\/div>\n      <div class=\"vc-hoverbox-block vc-hoverbox-back\" style=\"background-color: #ebebeb;\">\n        <div class=\"vc-hoverbox-block-inner vc-hoverbox-back-inner\">\n            <h2 style=\"text-align:center\">\u00c9quipement \u00e9nerg\u00e9tique<\/h2>\n            \n            \n        <\/div>\n      <\/div>\n    <\/div>\n  <\/div>\n<\/div><div class=\"vc_btn3-container vc_btn3-center vc_custom_1704270412924\" ><a class=\"vc_general vc_btn3 vc_btn3-size-md vc_btn3-shape-round vc_btn3-style-modern vc_btn3-block vc_btn3-color-danger\" href=\"\/fr\/portfolio-cats\/energy-equipment\/\" title=\"\" target=\"_blank\">Voir les produits<\/a><\/div><\/div><\/div><\/div><div class=\"wpb_column vc_column_container vc_col-sm-6\"><div class=\"vc_column-inner\"><div class=\"wpb_wrapper\"><div class=\"vc-hoverbox-wrapper  vc-hoverbox-shape--rounded vc-hoverbox-align--center vc-hoverbox-direction--default vc-hoverbox-width--100\"  ontouchstart=\"\">\n  <div class=\"vc-hoverbox\">\n    <div class=\"vc-hoverbox-inner\">\n      <div class=\"vc-hoverbox-block vc-hoverbox-front\" style=\"background-image: url(https:\/\/chinaafricasourcing.com\/wp-content\/uploads\/2021\/08\/mmexport1623246326856-copie.jpg);\">\n        <div class=\"vc-hoverbox-block-inner vc-hoverbox-front-inner\">\n            <h2 style=\"text-align:center\">\u00c9quipement de transport<\/h2>\n        <\/div>\n      <\/div>\n      <div class=\"vc-hoverbox-block vc-hoverbox-back\" style=\"background-color: #ebebeb;\">\n        <div class=\"vc-hoverbox-block-inner vc-hoverbox-back-inner\">\n            <h2 style=\"text-align:center\">\u00c9quipement de transport<\/h2>\n            \n            \n        <\/div>\n      <\/div>\n    <\/div>\n  <\/div>\n<\/div><div class=\"vc_btn3-container vc_btn3-center vc_custom_1704267863059\" ><a class=\"vc_general vc_btn3 vc_btn3-size-md vc_btn3-shape-round vc_btn3-style-modern vc_btn3-block vc_btn3-color-danger\" href=\"\/fr\/portfolio-cats\/transportation-equipment\/\" title=\"\" target=\"_blank\">Voir les produits<\/a><\/div><\/div><\/div><\/div><\/div><\/div><\/div><\/div><\/div><div class=\"vc_row-full-width vc_clearfix\"><\/div>","protected":false},"excerpt":{"rendered":"Our Products We assist clients to buy all kinds of machinery and equipment such as agricultural equipment, energy equipment, construction machinery and transportation equipment. Agricultural Equipment Agricultural Equipment View Products Construction Machinery &amp; Equipment Construction Machinery &amp; Equipment View Products Energy Equipment Energy Equipment View Products Transportation Equipment Transportation Equipment View Products","protected":false},"author":3,"featured_media":0,"parent":0,"menu_order":0,"comment_status":"closed","ping_status":"closed","template":"","meta":{"_eb_attr":"","_monsterinsights_skip_tracking":false,"_monsterinsights_sitenote_active":false,"_monsterinsights_sitenote_note":"","_monsterinsights_sitenote_category":0,"footnotes":""},"class_list":["post-3182","page","type-page","status-publish","hentry"],"yoast_head":"<!-- This site is optimized with the Yoast SEO plugin v21.2 - https:\/\/yoast.com\/wordpress\/plugins\/seo\/ -->\n<title>Farm Equipment, Farming Tools - Quality Equipment for Efficient Agriculture<\/title>\n<meta name=\"description\" content=\"China Africa Sourcing provides complete Farming Tools and Farm Equipment. Contact us for a range of specialized implements. Harness the power of modern agriculture.\" \/>\n<meta name=\"robots\" content=\"index, follow, max-snippet:-1, max-image-preview:large, max-video-preview:-1\" \/>\n<link rel=\"canonical\" href=\"https:\/\/chinaafricasourcing.com\/fr\/machinery-and-equipment\/\" \/>\n<meta property=\"og:locale\" content=\"fr_FR\" \/>\n<meta property=\"og:type\" content=\"article\" \/>\n<meta property=\"og:title\" content=\"Farm Equipment, Farming Tools - Quality Equipment for Efficient Agriculture\" \/>\n<meta property=\"og:description\" content=\"China Africa Sourcing provides complete Farming Tools and Farm Equipment. Contact us for a range of specialized implements. Harness the power of modern agriculture.\" \/>\n<meta property=\"og:url\" content=\"https:\/\/chinaafricasourcing.com\/fr\/machinery-and-equipment\/\" \/>\n<meta property=\"og:site_name\" content=\"China Africa Sourcing\" \/>\n<meta property=\"article:modified_time\" content=\"2024-07-02T09:03:12+00:00\" \/>\n<meta name=\"twitter:card\" content=\"summary_large_image\" \/>\n<meta name=\"twitter:label1\" content=\"Dur\u00e9e de lecture estim\u00e9e\" \/>\n\t<meta name=\"twitter:data1\" content=\"1 minute\" \/>\n<script type=\"application\/ld+json\" class=\"yoast-schema-graph\">{\"@context\":\"https:\/\/schema.org\",\"@graph\":[{\"@type\":\"WebPage\",\"@id\":\"https:\/\/chinaafricasourcing.com\/fr\/machinery-and-equipment\/\",\"url\":\"https:\/\/chinaafricasourcing.com\/fr\/machinery-and-equipment\/\",\"name\":\"Farm Equipment, Farming Tools - Quality Equipment for Efficient Agriculture\",\"isPartOf\":{\"@id\":\"https:\/\/chinaafricasourcing.com\/fr\/#website\"},\"datePublished\":\"2021-05-20T10:03:59+00:00\",\"dateModified\":\"2024-07-02T09:03:12+00:00\",\"description\":\"China Africa Sourcing provides complete Farming Tools and Farm Equipment. Contact us for a range of specialized implements. Harness the power of modern agriculture.\",\"breadcrumb\":{\"@id\":\"https:\/\/chinaafricasourcing.com\/fr\/machinery-and-equipment\/#breadcrumb\"},\"inLanguage\":\"fr-FR\",\"potentialAction\":[{\"@type\":\"ReadAction\",\"target\":[\"https:\/\/chinaafricasourcing.com\/fr\/machinery-and-equipment\/\"]}]},{\"@type\":\"BreadcrumbList\",\"@id\":\"https:\/\/chinaafricasourcing.com\/fr\/machinery-and-equipment\/#breadcrumb\",\"itemListElement\":[{\"@type\":\"ListItem\",\"position\":1,\"name\":\"Home\",\"item\":\"https:\/\/chinaafricasourcing.com\/\"},{\"@type\":\"ListItem\",\"position\":2,\"name\":\"Machinery and Equipment\"}]},{\"@type\":\"WebSite\",\"@id\":\"https:\/\/chinaafricasourcing.com\/fr\/#website\",\"url\":\"https:\/\/chinaafricasourcing.com\/fr\/\",\"name\":\"China Africa Sourcing\",\"description\":\"Your Belgian Partner for Sino-African Projects\",\"publisher\":{\"@id\":\"https:\/\/chinaafricasourcing.com\/fr\/#organization\"},\"potentialAction\":[{\"@type\":\"SearchAction\",\"target\":{\"@type\":\"EntryPoint\",\"urlTemplate\":\"https:\/\/chinaafricasourcing.com\/fr\/?s={search_term_string}\"},\"query-input\":\"required name=search_term_string\"}],\"inLanguage\":\"fr-FR\"},{\"@type\":\"Organization\",\"@id\":\"https:\/\/chinaafricasourcing.com\/fr\/#organization\",\"name\":\"China Africa Sourcing\",\"url\":\"https:\/\/chinaafricasourcing.com\/fr\/\",\"logo\":{\"@type\":\"ImageObject\",\"inLanguage\":\"fr-FR\",\"@id\":\"https:\/\/chinaafricasourcing.com\/fr\/#\/schema\/logo\/image\/\",\"url\":\"https:\/\/chinaafricasourcing.com\/wp-content\/uploads\/2022\/09\/logo-2.png\",\"contentUrl\":\"https:\/\/chinaafricasourcing.com\/wp-content\/uploads\/2022\/09\/logo-2.png\",\"width\":130,\"height\":130,\"caption\":\"China Africa Sourcing\"},\"image\":{\"@id\":\"https:\/\/chinaafricasourcing.com\/fr\/#\/schema\/logo\/image\/\"}}]}<\/script>\n<!-- \/ Yoast SEO plugin. -->","yoast_head_json":{"title":"Farm Equipment, Farming Tools - Quality Equipment for Efficient Agriculture","description":"China Africa Sourcing provides complete Farming Tools and Farm Equipment. Contact us for a range of specialized implements. Harness the power of modern agriculture.","robots":{"index":"index","follow":"follow","max-snippet":"max-snippet:-1","max-image-preview":"max-image-preview:large","max-video-preview":"max-video-preview:-1"},"canonical":"https:\/\/chinaafricasourcing.com\/fr\/machinery-and-equipment\/","og_locale":"fr_FR","og_type":"article","og_title":"Farm Equipment, Farming Tools - Quality Equipment for Efficient Agriculture","og_description":"China Africa Sourcing provides complete Farming Tools and Farm Equipment. Contact us for a range of specialized implements. Harness the power of modern agriculture.","og_url":"https:\/\/chinaafricasourcing.com\/fr\/machinery-and-equipment\/","og_site_name":"China Africa Sourcing","article_modified_time":"2024-07-02T09:03:12+00:00","twitter_card":"summary_large_image","twitter_misc":{"Dur\u00e9e de lecture estim\u00e9e":"1 minute"},"schema":{"@context":"https:\/\/schema.org","@graph":[{"@type":"WebPage","@id":"https:\/\/chinaafricasourcing.com\/fr\/machinery-and-equipment\/","url":"https:\/\/chinaafricasourcing.com\/fr\/machinery-and-equipment\/","name":"Farm Equipment, Farming Tools - Quality Equipment for Efficient Agriculture","isPartOf":{"@id":"https:\/\/chinaafricasourcing.com\/fr\/#website"},"datePublished":"2021-05-20T10:03:59+00:00","dateModified":"2024-07-02T09:03:12+00:00","description":"China Africa Sourcing provides complete Farming Tools and Farm Equipment. Contact us for a range of specialized implements. Harness the power of modern agriculture.","breadcrumb":{"@id":"https:\/\/chinaafricasourcing.com\/fr\/machinery-and-equipment\/#breadcrumb"},"inLanguage":"fr-FR","potentialAction":[{"@type":"ReadAction","target":["https:\/\/chinaafricasourcing.com\/fr\/machinery-and-equipment\/"]}]},{"@type":"BreadcrumbList","@id":"https:\/\/chinaafricasourcing.com\/fr\/machinery-and-equipment\/#breadcrumb","itemListElement":[{"@type":"ListItem","position":1,"name":"Home","item":"https:\/\/chinaafricasourcing.com\/"},{"@type":"ListItem","position":2,"name":"Machinery and Equipment"}]},{"@type":"WebSite","@id":"https:\/\/chinaafricasourcing.com\/fr\/#website","url":"https:\/\/chinaafricasourcing.com\/fr\/","name":"Chine Afrique Sourcing","description":"Votre partenaire belge pour les projets sino-africains","publisher":{"@id":"https:\/\/chinaafricasourcing.com\/fr\/#organization"},"potentialAction":[{"@type":"SearchAction","target":{"@type":"EntryPoint","urlTemplate":"https:\/\/chinaafricasourcing.com\/fr\/?s={search_term_string}"},"query-input":"required name=search_term_string"}],"inLanguage":"fr-FR"},{"@type":"Organization","@id":"https:\/\/chinaafricasourcing.com\/fr\/#organization","name":"Chine Afrique Sourcing","url":"https:\/\/chinaafricasourcing.com\/fr\/","logo":{"@type":"ImageObject","inLanguage":"fr-FR","@id":"https:\/\/chinaafricasourcing.com\/fr\/#\/schema\/logo\/image\/","url":"https:\/\/chinaafricasourcing.com\/wp-content\/uploads\/2022\/09\/logo-2.png","contentUrl":"https:\/\/chinaafricasourcing.com\/wp-content\/uploads\/2022\/09\/logo-2.png","width":130,"height":130,"caption":"China Africa Sourcing"},"image":{"@id":"https:\/\/chinaafricasourcing.com\/fr\/#\/schema\/logo\/image\/"}}]}},"_links":{"self":[{"href":"https:\/\/chinaafricasourcing.com\/fr\/wp-json\/wp\/v2\/pages\/3182","targetHints":{"allow":["GET"]}}],"collection":[{"href":"https:\/\/chinaafricasourcing.com\/fr\/wp-json\/wp\/v2\/pages"}],"about":[{"href":"https:\/\/chinaafricasourcing.com\/fr\/wp-json\/wp\/v2\/types\/page"}],"author":[{"embeddable":true,"href":"https:\/\/chinaafricasourcing.com\/fr\/wp-json\/wp\/v2\/users\/3"}],"replies":[{"embeddable":true,"href":"https:\/\/chinaafricasourcing.com\/fr\/wp-json\/wp\/v2\/comments?post=3182"}],"version-history":[{"count":5,"href":"https:\/\/chinaafricasourcing.com\/fr\/wp-json\/wp\/v2\/pages\/3182\/revisions"}],"predecessor-version":[{"id":4381,"href":"https:\/\/chinaafricasourcing.com\/fr\/wp-json\/wp\/v2\/pages\/3182\/revisions\/4381"}],"wp:attachment":[{"href":"https:\/\/chinaafricasourcing.com\/fr\/wp-json\/wp\/v2\/media?parent=3182"}],"curies":[{"name":"wp","href":"https:\/\/api.w.org\/{rel}","templated":true}]}}