{"id":2343,"date":"2018-01-16T13:18:26","date_gmt":"2018-01-16T13:18:26","guid":{"rendered":"http:\/\/ranbron.bolvo.com\/?page_id=2343"},"modified":"2021-07-15T12:54:42","modified_gmt":"2021-07-15T12:54:42","slug":"cases","status":"publish","type":"page","link":"https:\/\/chinaafricasourcing.com\/fr\/cases\/","title":{"rendered":"Projets R\u00e9alis\u00e9s"},"content":{"rendered":"<div class=\"vc_row wpb_row vc_row-fluid vc_custom_1625738841319\"><div class=\"wpb_column vc_column_container vc_col-sm-12\"><div class=\"vc_column-inner\"><div class=\"wpb_wrapper\">\n<div class=\"vc_grid-container-wrapper vc_clearfix\">\n\t<div class=\"vc_grid-container vc_clearfix wpb_content_element vc_basic_grid\" data-initial-loading-animation=\"fadeInDown\" data-vc-grid-settings=\"{&quot;page_id&quot;:2343,&quot;style&quot;:&quot;all&quot;,&quot;action&quot;:&quot;vc_get_vc_grid_data&quot;,&quot;shortcode_id&quot;:&quot;1626348199049-36cf7458-f046-3&quot;,&quot;tag&quot;:&quot;vc_basic_grid&quot;}\" data-vc-request=\"https:\/\/chinaafricasourcing.com\/wp-admin\/admin-ajax.php\" data-vc-post-id=\"2343\" data-vc-public-nonce=\"e7c1f62235\">\n\t\t<style data-type=\"vc_shortcodes-custom-css\">.vc_custom_1419240516480{background-color: #f9f9f9 !important;}<\/style><div class=\"vc_grid vc_row vc_grid-gutter-30px vc_pageable-wrapper vc_hook_hover\" data-vc-pageable-content=\"true\"><div class=\"vc_pageable-slide-wrapper vc_clearfix\" data-vc-grid-content=\"true\"><div class=\"vc_grid-item vc_clearfix vc_col-sm-4 vc_grid-item-zone-c-bottom\"><div class=\"vc_grid-item-mini vc_clearfix\"><div class=\"vc_gitem-animated-block\" \"><div class=\"vc_gitem-zone vc_gitem-zone-a vc-gitem-zone-height-mode-auto vc-gitem-zone-height-mode-auto-1-1 vc_gitem-is-link\" style=\"background-image: url('https:\/\/chinaafricasourcing.com\/wp-content\/uploads\/2022\/08\/02-Hotel-photo-1-1024x683.jpg') !important;\"><a href=\"https:\/\/chinaafricasourcing.com\/fr\/cases\/5-stars-kinshasa-hotel\/\" title=\"H\u00f4tel 5 \u00e9toiles \u00e0 Kinshasa\" class=\"vc_gitem-link vc-zone-link\"><\/a><img decoding=\"async\" src=\"https:\/\/chinaafricasourcing.com\/wp-content\/uploads\/2022\/08\/02-Hotel-photo-1-1024x683.jpg\" class=\"vc_gitem-zone-img\" alt=\"\"><div class=\"vc_gitem-zone-mini\"><\/div><\/div><\/div><div class=\"vc_gitem-zone vc_gitem-zone-c vc_custom_1419240516480\"><div class=\"vc_gitem-zone-mini\"><div class=\"vc_gitem_row vc_row vc_gitem-row-position-top\"><div class=\"vc_col-sm-12 vc_gitem-col vc_gitem-col-align-\"><div class=\"vc_custom_heading vc_gitem-post-data vc_gitem-post-data-source-post_title\" ><h4 style=\"text-align: left\" >H\u00f4tel 5 \u00e9toiles \u00e0 Kinshasa<\/h4><\/div><div class=\"vc_custom_heading vc_gitem-post-data vc_gitem-post-data-source-post_excerpt\" ><p style=\"text-align: left\" ><p>Conception et fourniture de tous les mat\u00e9riaux pour la r\u00e9novation d'un h\u00f4tel 5 \u00e9toiles de 255 chambres en R\u00e9publique D\u00e9mocratique du Congo.<\/p>\n<\/p><\/div><div class=\"vc_btn3-container vc_btn3-left\"><a class=\"vc_general vc_btn3 vc_btn3-size-md vc_btn3-shape-rounded vc_btn3-style-flat vc_btn3-color-juicy-pink\" a href=\"https:\/\/chinaafricasourcing.com\/fr\/cases\/5-stars-kinshasa-hotel\/\" title=\"Lire plus\">Lire plus<\/a><\/div><\/div><\/div><\/div><\/div><\/div><div class=\"vc_clearfix\"><\/div><\/div><div class=\"vc_grid-item vc_clearfix vc_col-sm-4 vc_grid-item-zone-c-bottom\"><div class=\"vc_grid-item-mini vc_clearfix\"><div class=\"vc_gitem-animated-block\" \"><div class=\"vc_gitem-zone vc_gitem-zone-a vc-gitem-zone-height-mode-auto vc-gitem-zone-height-mode-auto-1-1 vc_gitem-is-link\" style=\"background-image: url('https:\/\/chinaafricasourcing.com\/wp-content\/uploads\/2021\/05\/Picture10-e1620488925118.png') !important;\"><a href=\"https:\/\/chinaafricasourcing.com\/fr\/cases\/complete-agro-processing-plant\/\" title=\"Usine de transformation agricole compl\u00e8te\" class=\"vc_gitem-link vc-zone-link\"><\/a><img decoding=\"async\" src=\"https:\/\/chinaafricasourcing.com\/wp-content\/uploads\/2021\/05\/Picture10-e1620488925118.png\" class=\"vc_gitem-zone-img\" alt=\"\"><div class=\"vc_gitem-zone-mini\"><\/div><\/div><\/div><div class=\"vc_gitem-zone vc_gitem-zone-c vc_custom_1419240516480\"><div class=\"vc_gitem-zone-mini\"><div class=\"vc_gitem_row vc_row vc_gitem-row-position-top\"><div class=\"vc_col-sm-12 vc_gitem-col vc_gitem-col-align-\"><div class=\"vc_custom_heading vc_gitem-post-data vc_gitem-post-data-source-post_title\" ><h4 style=\"text-align: left\" >Usine de transformation agricole compl\u00e8te<\/h4><\/div><div class=\"vc_custom_heading vc_gitem-post-data vc_gitem-post-data-source-post_excerpt\" ><p style=\"text-align: left\" ><p>Conception, fourniture et installation d'un moulin \u00e0 farine de manioc complet de 100TPD en RDC<\/p>\n<\/p><\/div><div class=\"vc_btn3-container vc_btn3-left\"><a class=\"vc_general vc_btn3 vc_btn3-size-md vc_btn3-shape-rounded vc_btn3-style-flat vc_btn3-color-juicy-pink\" a href=\"https:\/\/chinaafricasourcing.com\/fr\/cases\/complete-agro-processing-plant\/\" title=\"Lire plus\">Lire plus<\/a><\/div><\/div><\/div><\/div><\/div><\/div><div class=\"vc_clearfix\"><\/div><\/div><div class=\"vc_grid-item vc_clearfix vc_col-sm-4 vc_grid-item-zone-c-bottom\"><div class=\"vc_grid-item-mini vc_clearfix\"><div class=\"vc_gitem-animated-block\" \"><div class=\"vc_gitem-zone vc_gitem-zone-a vc-gitem-zone-height-mode-auto vc-gitem-zone-height-mode-auto-1-1 vc_gitem-is-link\" style=\"background-image: url('https:\/\/chinaafricasourcing.com\/wp-content\/uploads\/2022\/08\/\u5fae\u4fe1\u56fe\u7247_202210081546574.jpg') !important;\"><a href=\"https:\/\/chinaafricasourcing.com\/fr\/cases\/transportation-2\/\" title=\"Transport : Projet de construction d&#039;un port de plaisance - dock flottant.\" class=\"vc_gitem-link vc-zone-link\"><\/a><img decoding=\"async\" src=\"https:\/\/chinaafricasourcing.com\/wp-content\/uploads\/2022\/08\/\u5fae\u4fe1\u56fe\u7247_202210081546574.jpg\" class=\"vc_gitem-zone-img\" alt=\"\"><div class=\"vc_gitem-zone-mini\"><\/div><\/div><\/div><div class=\"vc_gitem-zone vc_gitem-zone-c vc_custom_1419240516480\"><div class=\"vc_gitem-zone-mini\"><div class=\"vc_gitem_row vc_row vc_gitem-row-position-top\"><div class=\"vc_col-sm-12 vc_gitem-col vc_gitem-col-align-\"><div class=\"vc_custom_heading vc_gitem-post-data vc_gitem-post-data-source-post_title\" ><h4 style=\"text-align: left\" >Transport- Marina : Projet de construction d'un port de plaisance - dock flottant.<\/h4><\/div><div class=\"vc_custom_heading vc_gitem-post-data vc_gitem-post-data-source-post_excerpt\" ><p style=\"text-align: left\" ><p>Conception, fourniture et installation d'une marina fluviale de 1 511 m\u00b2, comprenant un parking pour 50 bateaux de plaisance, et 2 grands parkings pour 2 grands bateaux de 50 m\u00e8tres chacun.<\/p>\n<\/p><\/div><div class=\"vc_btn3-container vc_btn3-left\"><a class=\"vc_general vc_btn3 vc_btn3-size-md vc_btn3-shape-rounded vc_btn3-style-flat vc_btn3-color-juicy-pink\" a href=\"https:\/\/chinaafricasourcing.com\/fr\/cases\/transportation-2\/\" title=\"Lire plus\">Lire plus<\/a><\/div><\/div><\/div><\/div><\/div><\/div><div class=\"vc_clearfix\"><\/div><\/div><div class=\"vc_grid-item vc_clearfix vc_col-sm-4 vc_grid-item-zone-c-bottom\"><div class=\"vc_grid-item-mini vc_clearfix\"><div class=\"vc_gitem-animated-block\" \"><div class=\"vc_gitem-zone vc_gitem-zone-a vc-gitem-zone-height-mode-auto vc-gitem-zone-height-mode-auto-1-1 vc_gitem-is-link\" style=\"background-image: url('https:\/\/chinaafricasourcing.com\/wp-content\/uploads\/2021\/05\/Transport-Trucks-Catalog-by-Beiben-19-1024x761.jpg') !important;\"><a href=\"https:\/\/chinaafricasourcing.com\/fr\/cases\/transportation\/\" title=\"Transport\" class=\"vc_gitem-link vc-zone-link\"><\/a><img decoding=\"async\" src=\"https:\/\/chinaafricasourcing.com\/wp-content\/uploads\/2021\/05\/Transport-Trucks-Catalog-by-Beiben-19-1024x761.jpg\" class=\"vc_gitem-zone-img\" alt=\"\"><div class=\"vc_gitem-zone-mini\"><\/div><\/div><\/div><div class=\"vc_gitem-zone vc_gitem-zone-c vc_custom_1419240516480\"><div class=\"vc_gitem-zone-mini\"><div class=\"vc_gitem_row vc_row vc_gitem-row-position-top\"><div class=\"vc_col-sm-12 vc_gitem-col vc_gitem-col-align-\"><div class=\"vc_custom_heading vc_gitem-post-data vc_gitem-post-data-source-post_title\" ><h4 style=\"text-align: left\" >Transport<\/h4><\/div><div class=\"vc_custom_heading vc_gitem-post-data vc_gitem-post-data-source-post_excerpt\" ><p style=\"text-align: left\" ><p>Exportation en Afrique centrale d'environ 200 camions chinois de Beiben avec pi\u00e8ces de rechange.<\/p>\n<\/p><\/div><div class=\"vc_btn3-container vc_btn3-left\"><a class=\"vc_general vc_btn3 vc_btn3-size-md vc_btn3-shape-rounded vc_btn3-style-flat vc_btn3-color-juicy-pink\" a href=\"https:\/\/chinaafricasourcing.com\/fr\/cases\/transportation\/\" title=\"Lire plus\">Lire plus<\/a><\/div><\/div><\/div><\/div><\/div><\/div><div class=\"vc_clearfix\"><\/div><\/div><div class=\"vc_grid-item vc_clearfix vc_col-sm-4 vc_grid-item-zone-c-bottom\"><div class=\"vc_grid-item-mini vc_clearfix\"><div class=\"vc_gitem-animated-block\" \"><div class=\"vc_gitem-zone vc_gitem-zone-a vc-gitem-zone-height-mode-auto vc-gitem-zone-height-mode-auto-1-1 vc_gitem-is-link\" style=\"background-image: url('https:\/\/chinaafricasourcing.com\/wp-content\/uploads\/2021\/05\/WeChat-Image_20190903182758-1024x768.jpg') !important;\"><a href=\"https:\/\/chinaafricasourcing.com\/fr\/cases\/machinery-and-equipment-sector\/\" title=\"\u00c9quipment de Construction\" class=\"vc_gitem-link vc-zone-link\"><\/a><img decoding=\"async\" src=\"https:\/\/chinaafricasourcing.com\/wp-content\/uploads\/2021\/05\/WeChat-Image_20190903182758-1024x768.jpg\" class=\"vc_gitem-zone-img\" alt=\"\"><div class=\"vc_gitem-zone-mini\"><\/div><\/div><\/div><div class=\"vc_gitem-zone vc_gitem-zone-c vc_custom_1419240516480\"><div class=\"vc_gitem-zone-mini\"><div class=\"vc_gitem_row vc_row vc_gitem-row-position-top\"><div class=\"vc_col-sm-12 vc_gitem-col vc_gitem-col-align-\"><div class=\"vc_custom_heading vc_gitem-post-data vc_gitem-post-data-source-post_title\" ><h4 style=\"text-align: left\" >\u00c9quipment de Construction<\/h4><\/div><div class=\"vc_custom_heading vc_gitem-post-data vc_gitem-post-data-source-post_excerpt\" ><p style=\"text-align: left\" ><p>Sourcing et installation de 6 concasseurs de pierres pour la construction de routes de 150 tpd en RDC ainsi que d'autres petits \u00e9quipements de construction de routes.<\/p>\n<\/p><\/div><div class=\"vc_btn3-container vc_btn3-left\"><a class=\"vc_general vc_btn3 vc_btn3-size-md vc_btn3-shape-rounded vc_btn3-style-flat vc_btn3-color-juicy-pink\" a href=\"https:\/\/chinaafricasourcing.com\/fr\/cases\/machinery-and-equipment-sector\/\" title=\"Lire plus\">Lire plus<\/a><\/div><\/div><\/div><\/div><\/div><\/div><div class=\"vc_clearfix\"><\/div><\/div><\/div><\/div>\n\t<\/div>\n<\/div><\/div><\/div><\/div><\/div>","protected":false},"excerpt":{"rendered":"Complete Agro Processing PlantDesign, procurement and installation of a 100TPD complete cassava flour mill in DRC Lire plusTransportationExportation to Central Africa of around 200 Chinese trucks from Beiben with spare parts. Lire plus","protected":false},"author":3,"featured_media":0,"parent":0,"menu_order":0,"comment_status":"closed","ping_status":"closed","template":"","meta":{"_eb_attr":"","_monsterinsights_skip_tracking":false,"_monsterinsights_sitenote_active":false,"_monsterinsights_sitenote_note":"","_monsterinsights_sitenote_category":0,"footnotes":""},"class_list":["post-2343","page","type-page","status-publish","hentry"],"yoast_head":"<!-- This site is optimized with the Yoast SEO plugin v21.2 - https:\/\/yoast.com\/wordpress\/plugins\/seo\/ -->\n<title>Cases | China Africa Sourcing<\/title>\n<meta name=\"robots\" content=\"index, follow, max-snippet:-1, max-image-preview:large, max-video-preview:-1\" \/>\n<link rel=\"canonical\" href=\"https:\/\/chinaafricasourcing.com\/fr\/cases\/\" \/>\n<meta property=\"og:locale\" content=\"fr_FR\" \/>\n<meta property=\"og:type\" content=\"article\" \/>\n<meta property=\"og:title\" content=\"Cases | China Africa Sourcing\" \/>\n<meta property=\"og:url\" content=\"https:\/\/chinaafricasourcing.com\/fr\/cases\/\" \/>\n<meta property=\"og:site_name\" content=\"China Africa Sourcing\" \/>\n<meta property=\"article:modified_time\" content=\"2021-07-15T12:54:42+00:00\" \/>\n<meta name=\"twitter:card\" content=\"summary_large_image\" \/>\n<meta name=\"twitter:label1\" content=\"Dur\u00e9e de lecture estim\u00e9e\" \/>\n\t<meta name=\"twitter:data1\" content=\"1 minute\" \/>\n<script type=\"application\/ld+json\" class=\"yoast-schema-graph\">{\"@context\":\"https:\/\/schema.org\",\"@graph\":[{\"@type\":\"WebPage\",\"@id\":\"https:\/\/chinaafricasourcing.com\/fr\/cases\/\",\"url\":\"https:\/\/chinaafricasourcing.com\/fr\/cases\/\",\"name\":\"Cases | China Africa Sourcing\",\"isPartOf\":{\"@id\":\"https:\/\/chinaafricasourcing.com\/fr\/#website\"},\"datePublished\":\"2018-01-16T13:18:26+00:00\",\"dateModified\":\"2021-07-15T12:54:42+00:00\",\"breadcrumb\":{\"@id\":\"https:\/\/chinaafricasourcing.com\/fr\/cases\/#breadcrumb\"},\"inLanguage\":\"fr-FR\",\"potentialAction\":[{\"@type\":\"ReadAction\",\"target\":[\"https:\/\/chinaafricasourcing.com\/fr\/cases\/\"]}]},{\"@type\":\"BreadcrumbList\",\"@id\":\"https:\/\/chinaafricasourcing.com\/fr\/cases\/#breadcrumb\",\"itemListElement\":[{\"@type\":\"ListItem\",\"position\":1,\"name\":\"Home\",\"item\":\"https:\/\/chinaafricasourcing.com\/\"},{\"@type\":\"ListItem\",\"position\":2,\"name\":\"Cases\"}]},{\"@type\":\"WebSite\",\"@id\":\"https:\/\/chinaafricasourcing.com\/fr\/#website\",\"url\":\"https:\/\/chinaafricasourcing.com\/fr\/\",\"name\":\"China Africa Sourcing\",\"description\":\"Your Belgian Partner for Sino-African Projects\",\"publisher\":{\"@id\":\"https:\/\/chinaafricasourcing.com\/fr\/#organization\"},\"potentialAction\":[{\"@type\":\"SearchAction\",\"target\":{\"@type\":\"EntryPoint\",\"urlTemplate\":\"https:\/\/chinaafricasourcing.com\/fr\/?s={search_term_string}\"},\"query-input\":\"required name=search_term_string\"}],\"inLanguage\":\"fr-FR\"},{\"@type\":\"Organization\",\"@id\":\"https:\/\/chinaafricasourcing.com\/fr\/#organization\",\"name\":\"China Africa Sourcing\",\"url\":\"https:\/\/chinaafricasourcing.com\/fr\/\",\"logo\":{\"@type\":\"ImageObject\",\"inLanguage\":\"fr-FR\",\"@id\":\"https:\/\/chinaafricasourcing.com\/fr\/#\/schema\/logo\/image\/\",\"url\":\"https:\/\/chinaafricasourcing.com\/wp-content\/uploads\/2022\/09\/logo-2.png\",\"contentUrl\":\"https:\/\/chinaafricasourcing.com\/wp-content\/uploads\/2022\/09\/logo-2.png\",\"width\":130,\"height\":130,\"caption\":\"China Africa Sourcing\"},\"image\":{\"@id\":\"https:\/\/chinaafricasourcing.com\/fr\/#\/schema\/logo\/image\/\"}}]}<\/script>\n<!-- \/ Yoast SEO plugin. -->","yoast_head_json":{"title":"Cases | China Africa Sourcing","robots":{"index":"index","follow":"follow","max-snippet":"max-snippet:-1","max-image-preview":"max-image-preview:large","max-video-preview":"max-video-preview:-1"},"canonical":"https:\/\/chinaafricasourcing.com\/fr\/cases\/","og_locale":"fr_FR","og_type":"article","og_title":"Cases | China Africa Sourcing","og_url":"https:\/\/chinaafricasourcing.com\/fr\/cases\/","og_site_name":"China Africa Sourcing","article_modified_time":"2021-07-15T12:54:42+00:00","twitter_card":"summary_large_image","twitter_misc":{"Dur\u00e9e de lecture estim\u00e9e":"1 minute"},"schema":{"@context":"https:\/\/schema.org","@graph":[{"@type":"WebPage","@id":"https:\/\/chinaafricasourcing.com\/fr\/cases\/","url":"https:\/\/chinaafricasourcing.com\/fr\/cases\/","name":"Cases | China Africa Sourcing","isPartOf":{"@id":"https:\/\/chinaafricasourcing.com\/fr\/#website"},"datePublished":"2018-01-16T13:18:26+00:00","dateModified":"2021-07-15T12:54:42+00:00","breadcrumb":{"@id":"https:\/\/chinaafricasourcing.com\/fr\/cases\/#breadcrumb"},"inLanguage":"fr-FR","potentialAction":[{"@type":"ReadAction","target":["https:\/\/chinaafricasourcing.com\/fr\/cases\/"]}]},{"@type":"BreadcrumbList","@id":"https:\/\/chinaafricasourcing.com\/fr\/cases\/#breadcrumb","itemListElement":[{"@type":"ListItem","position":1,"name":"Home","item":"https:\/\/chinaafricasourcing.com\/"},{"@type":"ListItem","position":2,"name":"Cases"}]},{"@type":"WebSite","@id":"https:\/\/chinaafricasourcing.com\/fr\/#website","url":"https:\/\/chinaafricasourcing.com\/fr\/","name":"Chine Afrique Sourcing","description":"Votre partenaire belge pour les projets sino-africains","publisher":{"@id":"https:\/\/chinaafricasourcing.com\/fr\/#organization"},"potentialAction":[{"@type":"SearchAction","target":{"@type":"EntryPoint","urlTemplate":"https:\/\/chinaafricasourcing.com\/fr\/?s={search_term_string}"},"query-input":"required name=search_term_string"}],"inLanguage":"fr-FR"},{"@type":"Organization","@id":"https:\/\/chinaafricasourcing.com\/fr\/#organization","name":"Chine Afrique Sourcing","url":"https:\/\/chinaafricasourcing.com\/fr\/","logo":{"@type":"ImageObject","inLanguage":"fr-FR","@id":"https:\/\/chinaafricasourcing.com\/fr\/#\/schema\/logo\/image\/","url":"https:\/\/chinaafricasourcing.com\/wp-content\/uploads\/2022\/09\/logo-2.png","contentUrl":"https:\/\/chinaafricasourcing.com\/wp-content\/uploads\/2022\/09\/logo-2.png","width":130,"height":130,"caption":"China Africa Sourcing"},"image":{"@id":"https:\/\/chinaafricasourcing.com\/fr\/#\/schema\/logo\/image\/"}}]}},"_links":{"self":[{"href":"https:\/\/chinaafricasourcing.com\/fr\/wp-json\/wp\/v2\/pages\/2343","targetHints":{"allow":["GET"]}}],"collection":[{"href":"https:\/\/chinaafricasourcing.com\/fr\/wp-json\/wp\/v2\/pages"}],"about":[{"href":"https:\/\/chinaafricasourcing.com\/fr\/wp-json\/wp\/v2\/types\/page"}],"author":[{"embeddable":true,"href":"https:\/\/chinaafricasourcing.com\/fr\/wp-json\/wp\/v2\/users\/3"}],"replies":[{"embeddable":true,"href":"https:\/\/chinaafricasourcing.com\/fr\/wp-json\/wp\/v2\/comments?post=2343"}],"version-history":[{"count":0,"href":"https:\/\/chinaafricasourcing.com\/fr\/wp-json\/wp\/v2\/pages\/2343\/revisions"}],"wp:attachment":[{"href":"https:\/\/chinaafricasourcing.com\/fr\/wp-json\/wp\/v2\/media?parent=2343"}],"curies":[{"name":"wp","href":"https:\/\/api.w.org\/{rel}","templated":true}]}}