{"id":2315,"date":"2018-01-16T10:11:37","date_gmt":"2018-01-16T10:11:37","guid":{"rendered":"http:\/\/ranbron.bolvo.com\/?page_id=2315"},"modified":"2022-09-23T08:38:36","modified_gmt":"2022-09-23T08:38:36","slug":"our-services","status":"publish","type":"page","link":"https:\/\/chinaafricasourcing.com\/fr\/our-services\/","title":{"rendered":"Services"},"content":{"rendered":"<div data-vc-full-width=\"true\" data-vc-full-width-init=\"false\" class=\"vc_row wpb_row vc_row-fluid vc_custom_1663745722010\"><div class=\"wpb_column vc_column_container vc_col-sm-3\"><div class=\"vc_column-inner\"><div class=\"wpb_wrapper\"><\/div><\/div><\/div><div class=\"wpb_column vc_column_container vc_col-sm-3\"><div class=\"vc_column-inner\"><div class=\"wpb_wrapper\"><\/div><\/div><\/div><div class=\"wpb_column vc_column_container vc_col-sm-3\"><div class=\"vc_column-inner\"><div class=\"wpb_wrapper\"><\/div><\/div><\/div><div class=\"wpb_column vc_column_container vc_col-sm-3\"><div class=\"vc_column-inner\"><div class=\"wpb_wrapper\"><\/div><\/div><\/div><\/div><div class=\"vc_row-full-width vc_clearfix\"><\/div><div data-vc-full-width=\"true\" data-vc-full-width-init=\"false\" class=\"vc_row wpb_row vc_row-fluid vc_custom_1663745722010\"><div class=\"wpb_column vc_column_container vc_col-sm-3\"><div class=\"vc_column-inner\"><div class=\"wpb_wrapper\">\n\t<div class=\"wpb_text_column wpb_content_element\" >\n\t\t<div class=\"wpb_wrapper\">\n\t\t\t<h1><img fetchpriority=\"high\" decoding=\"async\" class=\"aligncenter wp-image-3110 size-full\" src=\"https:\/\/chinaafricasourcing.com\/wp-content\/uploads\/2021\/05\/Stone-crusher-machinery-Photo-05.jpg\" alt=\"\" width=\"600\" height=\"400\" srcset=\"https:\/\/chinaafricasourcing.com\/wp-content\/uploads\/2021\/05\/Stone-crusher-machinery-Photo-05.jpg 600w, https:\/\/chinaafricasourcing.com\/wp-content\/uploads\/2021\/05\/Stone-crusher-machinery-Photo-05-300x200.jpg 300w, https:\/\/chinaafricasourcing.com\/wp-content\/uploads\/2021\/05\/Stone-crusher-machinery-Photo-05-16x12.jpg 16w\" sizes=\"(max-width: 600px) 100vw, 600px\" \/><\/h1>\n\n\t\t<\/div>\n\t<\/div>\n\n<div class=\"sec-title\">\n\t<div class=\"tag-line\"><\/div><!-- \/.tag-line -->\n\t<h2>Nos <strong>Services<\/strong><\/h2>\n<\/div>\n<\/div><\/div><\/div><div class=\"wpb_column vc_column_container vc_col-sm-3\"><div class=\"vc_column-inner\"><div class=\"wpb_wrapper\">\n\t<div class=\"wpb_text_column wpb_content_element\" >\n\t\t<div class=\"wpb_wrapper\">\n\t\t\t<h1><img fetchpriority=\"high\" decoding=\"async\" class=\"aligncenter wp-image-3110 size-full\" src=\"https:\/\/chinaafricasourcing.com\/wp-content\/uploads\/2021\/05\/Stone-crusher-machinery-Photo-05.jpg\" alt=\"\" width=\"600\" height=\"400\" srcset=\"https:\/\/chinaafricasourcing.com\/wp-content\/uploads\/2021\/05\/Stone-crusher-machinery-Photo-05.jpg 600w, https:\/\/chinaafricasourcing.com\/wp-content\/uploads\/2021\/05\/Stone-crusher-machinery-Photo-05-300x200.jpg 300w, https:\/\/chinaafricasourcing.com\/wp-content\/uploads\/2021\/05\/Stone-crusher-machinery-Photo-05-16x12.jpg 16w\" sizes=\"(max-width: 600px) 100vw, 600px\" \/><\/h1>\n\n\t\t<\/div>\n\t<\/div>\n<\/div><\/div><\/div><div class=\"wpb_column vc_column_container vc_col-sm-3\"><div class=\"vc_column-inner\"><div class=\"wpb_wrapper\">\n\t<div class=\"wpb_text_column wpb_content_element\" >\n\t\t<div class=\"wpb_wrapper\">\n\t\t\t<h1><img fetchpriority=\"high\" decoding=\"async\" class=\"aligncenter wp-image-3110 size-full\" src=\"https:\/\/chinaafricasourcing.com\/wp-content\/uploads\/2021\/05\/Stone-crusher-machinery-Photo-05.jpg\" alt=\"\" width=\"600\" height=\"400\" srcset=\"https:\/\/chinaafricasourcing.com\/wp-content\/uploads\/2021\/05\/Stone-crusher-machinery-Photo-05.jpg 600w, https:\/\/chinaafricasourcing.com\/wp-content\/uploads\/2021\/05\/Stone-crusher-machinery-Photo-05-300x200.jpg 300w, https:\/\/chinaafricasourcing.com\/wp-content\/uploads\/2021\/05\/Stone-crusher-machinery-Photo-05-16x12.jpg 16w\" sizes=\"(max-width: 600px) 100vw, 600px\" \/><\/h1>\n\n\t\t<\/div>\n\t<\/div>\n<\/div><\/div><\/div><div class=\"wpb_column vc_column_container vc_col-sm-3\"><div class=\"vc_column-inner\"><div class=\"wpb_wrapper\">\n\t<div class=\"wpb_text_column wpb_content_element\" >\n\t\t<div class=\"wpb_wrapper\">\n\t\t\t<h1><img fetchpriority=\"high\" decoding=\"async\" class=\"aligncenter wp-image-3110 size-full\" src=\"https:\/\/chinaafricasourcing.com\/wp-content\/uploads\/2021\/05\/Stone-crusher-machinery-Photo-05.jpg\" alt=\"\" width=\"600\" height=\"400\" srcset=\"https:\/\/chinaafricasourcing.com\/wp-content\/uploads\/2021\/05\/Stone-crusher-machinery-Photo-05.jpg 600w, https:\/\/chinaafricasourcing.com\/wp-content\/uploads\/2021\/05\/Stone-crusher-machinery-Photo-05-300x200.jpg 300w, https:\/\/chinaafricasourcing.com\/wp-content\/uploads\/2021\/05\/Stone-crusher-machinery-Photo-05-16x12.jpg 16w\" sizes=\"(max-width: 600px) 100vw, 600px\" \/><\/h1>\n\n\t\t<\/div>\n\t<\/div>\n<\/div><\/div><\/div><\/div><div class=\"vc_row-full-width vc_clearfix\"><\/div><div class=\"vc_row wpb_row vc_row-fluid\"><div class=\"wpb_column vc_column_container vc_col-sm-12\"><div class=\"vc_column-inner\"><div class=\"wpb_wrapper\"><div class=\"vc_row wpb_row vc_inner vc_row-fluid\"><div class=\"wpb_column vc_column_container vc_col-sm-3\"><div class=\"vc_column-inner\"><div class=\"wpb_wrapper\">\n\t<div class=\"wpb_text_column wpb_content_element\" >\n\t\t<div class=\"wpb_wrapper\">\n\t\t\t<p><img decoding=\"async\" class=\"aligncenter wp-image-3682 size-thumbnail\" src=\"https:\/\/chinaafricasourcing.com\/wp-content\/uploads\/2022\/09\/v-150x150.png\" alt=\"\" width=\"150\" height=\"150\" srcset=\"https:\/\/chinaafricasourcing.com\/wp-content\/uploads\/2022\/09\/v-150x150.png 150w, https:\/\/chinaafricasourcing.com\/wp-content\/uploads\/2022\/09\/v-12x12.png 12w, https:\/\/chinaafricasourcing.com\/wp-content\/uploads\/2022\/09\/v.png 250w\" sizes=\"(max-width: 150px) 100vw, 150px\" \/><\/p>\n\n\t\t<\/div>\n\t<\/div>\n<\/div><\/div><\/div><div class=\"wpb_column vc_column_container vc_col-sm-9\"><div class=\"vc_column-inner\"><div class=\"wpb_wrapper\">\n\t<div class=\"wpb_text_column wpb_content_element\" >\n\t\t<div class=\"wpb_wrapper\">\n\t\t\t<h3><strong>1. <b>S\u00e9lection du bon produit\/fournisseur et  n\u00e9gociation avec les fournisseurs chinois en toute transparence avec l'acheteur en Afrique. <\/b><\/strong><\/h3>\n<p>Dans cette phase, <em>Chine Afrique Sourcing<\/em> travaille avec l\u2019acheteur pour d\u00e9finir d\u2019abord les besoins et les sp\u00e9cifications techniques du produit recherch\u00e9 ; puis pr\u00e9s\u00e9lectionner plusieurs fournisseurs \/ produits ; visiter l\u2019usine pour \u00e9valuer la qualit\u00e9 du fournisseur et sa capacit\u00e9 \u00e0 livrer \u00e0 temps le bon produit avec sp\u00e9cifications et d\u00e9lais de livraison correct ; n\u00e9gocier le meilleur prix et condition pour le compte de l\u2019acheteur et finaliser le contrat d\u2019achat et la commande.<\/p>\n\n\t\t<\/div>\n\t<\/div>\n<\/div><\/div><\/div><\/div><div class=\"vc_row wpb_row vc_inner vc_row-fluid\"><div class=\"wpb_column vc_column_container vc_col-sm-3\"><div class=\"vc_column-inner\"><div class=\"wpb_wrapper\">\n\t<div class=\"wpb_text_column wpb_content_element\" >\n\t\t<div class=\"wpb_wrapper\">\n\t\t\t<p><img decoding=\"async\" class=\"wp-image-3683 size-thumbnail aligncenter\" src=\"https:\/\/chinaafricasourcing.com\/wp-content\/uploads\/2022\/09\/c-150x150.png\" alt=\"\" width=\"150\" height=\"150\" srcset=\"https:\/\/chinaafricasourcing.com\/wp-content\/uploads\/2022\/09\/c-150x150.png 150w, https:\/\/chinaafricasourcing.com\/wp-content\/uploads\/2022\/09\/c-12x12.png 12w, https:\/\/chinaafricasourcing.com\/wp-content\/uploads\/2022\/09\/c.png 250w\" sizes=\"(max-width: 150px) 100vw, 150px\" \/><\/p>\n\n\t\t<\/div>\n\t<\/div>\n<\/div><\/div><\/div><div class=\"wpb_column vc_column_container vc_col-sm-9\"><div class=\"vc_column-inner\"><div class=\"wpb_wrapper\">\n\t<div class=\"wpb_text_column wpb_content_element\" >\n\t\t<div class=\"wpb_wrapper\">\n\t\t\t<h3><strong>2. <b>Inspection de la qualit\u00e9 du produit en usine avant exp\u00e9dition<\/b><\/strong><\/h3>\n<p>Pendant et apr\u00e8s la production nous enverrons nos inspecteurs techniques pour v\u00e9rifier la qualit\u00e9 du produit et le respect des sp\u00e9cifications techniques du produit, telles que d\u00e9taill\u00e9es dans le contrat d\u2019achat et\/ou la facture proforma.<br \/>\nUn rapport d&#039;inspection avec des probl\u00e8mes majeurs et mineurs sera envoy\u00e9 au client et en fonction du niveau de qualit\u00e9 convenu les marchandises seront approuv\u00e9es ou rejet\u00e9es pour exp\u00e9dition en accord avec l&#039;acheteur.<\/p>\n\n\t\t<\/div>\n\t<\/div>\n<\/div><\/div><\/div><\/div><\/div><\/div><\/div><\/div><div class=\"vc_row wpb_row vc_row-fluid\"><div class=\"wpb_column vc_column_container vc_col-sm-3\"><div class=\"vc_column-inner\"><div class=\"wpb_wrapper\">\n\t<div class=\"wpb_text_column wpb_content_element\" >\n\t\t<div class=\"wpb_wrapper\">\n\t\t\t<p><img loading=\"lazy\" decoding=\"async\" class=\"aligncenter wp-image-3684 size-thumbnail\" src=\"https:\/\/chinaafricasourcing.com\/wp-content\/uploads\/2022\/09\/x-150x150.png\" alt=\"\" width=\"150\" height=\"150\" srcset=\"https:\/\/chinaafricasourcing.com\/wp-content\/uploads\/2022\/09\/x-150x150.png 150w, https:\/\/chinaafricasourcing.com\/wp-content\/uploads\/2022\/09\/x-12x12.png 12w, https:\/\/chinaafricasourcing.com\/wp-content\/uploads\/2022\/09\/x.png 250w\" sizes=\"(max-width: 150px) 100vw, 150px\" \/><\/p>\n\n\t\t<\/div>\n\t<\/div>\n<\/div><\/div><\/div><div class=\"wpb_column vc_column_container vc_col-sm-9\"><div class=\"vc_column-inner\"><div class=\"wpb_wrapper\">\n\t<div class=\"wpb_text_column wpb_content_element\" >\n\t\t<div class=\"wpb_wrapper\">\n\t\t\t<h3><strong>3. Assistance \u00e0 l'exp\u00e9dition (logistique) et paiement au fournisseur<\/strong><\/h3>\n<p>Habituellement, nos clients pr\u00e9f\u00e8rent acheter CIF \u00e0 notre soci\u00e9t\u00e9 pour les produits s\u00e9lectionn\u00e9s. Dans ce cas, nous percevrons le paiement de l\u2019acheteur et paierons le fournisseur en Chine. De cette fa\u00e7on, le fournisseur est soulag\u00e9 de savoir qu\u2019il pourra nous contacter en Chine en cas de probl\u00e8me de paiement ou de communication, tandis que l\u2019acheteur est assur\u00e9 qu\u2019aucun paiement ne sera effectu\u00e9 avant que la marchandise ne soit d\u00fbment inspect\u00e9e et v\u00e9rifi\u00e9e en usine et approuv\u00e9es par lui-m\u00eame.<br \/>\nAvant l&#039;exp\u00e9dition et le chargement du conteneur, nous pouvons aider l&#039;acheteur \u00e0 organiser l&#039;inspection avant exp\u00e9dition l\u00e9galement requise pour les douanes du pays de destination telles que BIVAC en RDC. Nous g\u00e9rerons \u00e9galement l&#039;exp\u00e9dition et le chargement pour nous assurer que l&#039;exp\u00e9dition est effectu\u00e9e \u00e0 temps et avec le navire le plus rapide disponible. L&#039;inspection du chargement peut \u00eatre r\u00e9alis\u00e9e pour s&#039;assurer qu&#039;aucune pi\u00e8ce n&#039;est oubli\u00e9e pour les envois volumineux et complexes et que l&#039;emballage est correctement effectu\u00e9.<\/p>\n\n\t\t<\/div>\n\t<\/div>\n<\/div><\/div><\/div><\/div><div class=\"vc_row wpb_row vc_row-fluid\"><div class=\"wpb_column vc_column_container vc_col-sm-3\"><div class=\"vc_column-inner\"><div class=\"wpb_wrapper\">\n\t<div class=\"wpb_text_column wpb_content_element\" >\n\t\t<div class=\"wpb_wrapper\">\n\t\t\t<p><img loading=\"lazy\" decoding=\"async\" class=\"aligncenter wp-image-3685 size-thumbnail\" src=\"https:\/\/chinaafricasourcing.com\/wp-content\/uploads\/2022\/09\/z-150x150.png\" alt=\"\" width=\"150\" height=\"150\" srcset=\"https:\/\/chinaafricasourcing.com\/wp-content\/uploads\/2022\/09\/z-150x150.png 150w, https:\/\/chinaafricasourcing.com\/wp-content\/uploads\/2022\/09\/z-12x12.png 12w, https:\/\/chinaafricasourcing.com\/wp-content\/uploads\/2022\/09\/z.png 250w\" sizes=\"(max-width: 150px) 100vw, 150px\" \/><\/p>\n\n\t\t<\/div>\n\t<\/div>\n<\/div><\/div><\/div><div class=\"wpb_column vc_column_container vc_col-sm-9\"><div class=\"vc_column-inner\"><div class=\"wpb_wrapper\">\n\t<div class=\"wpb_text_column wpb_content_element\" >\n\t\t<div class=\"wpb_wrapper\">\n\t\t\t<h3><strong>4. Installation et support technique<\/strong><\/h3>\n<p>Dans cette phase, nous fournissons une assistance technique pour les probl\u00e8mes techniques ou les questions li\u00e9es aux produits achet\u00e9s, y compris la fourniture de pi\u00e8ces de rechange, les probl\u00e8mes techniques et m\u00eame une assistance sur site pour l'installation du syst\u00e8me complet ou de la ligne de production si n\u00e9cessaire. Pour l'installation de l'\u00e9quipement dans le pays de destination, nous fournissons g\u00e9n\u00e9ralement un locuteur bilingue sino-fran\u00e7ais ou sino-anglais qui assistera pour la traduction et la supervision du technicien chinois g\u00e9n\u00e9ralement envoy\u00e9 par l'usine pour installer le syst\u00e8me complet ou l'usine.<\/p>\n\n\t\t<\/div>\n\t<\/div>\n<\/div><\/div><\/div><\/div>","protected":false},"excerpt":{"rendered":"Our Services 1. Selection of the right Product \/Manufacturer and Negotiation with Chinese suppliers in transparency with the buyer in Africa. In this phase, China Africa Sourcing works with the buyer to first define the needs and specifications of the product researched; preselect several suppliers\/ products; visit the factory to evaluate the supplier quality and [...]","protected":false},"author":3,"featured_media":0,"parent":0,"menu_order":0,"comment_status":"closed","ping_status":"closed","template":"","meta":{"_eb_attr":"","_monsterinsights_skip_tracking":false,"_monsterinsights_sitenote_active":false,"_monsterinsights_sitenote_note":"","_monsterinsights_sitenote_category":0,"footnotes":""},"class_list":["post-2315","page","type-page","status-publish","hentry"],"yoast_head":"<!-- This site is optimized with the Yoast SEO plugin v21.2 - https:\/\/yoast.com\/wordpress\/plugins\/seo\/ -->\n<title>Services | China Africa Sourcing<\/title>\n<meta name=\"robots\" content=\"index, follow, max-snippet:-1, max-image-preview:large, max-video-preview:-1\" \/>\n<link rel=\"canonical\" href=\"https:\/\/chinaafricasourcing.com\/fr\/our-services\/\" \/>\n<meta property=\"og:locale\" content=\"fr_FR\" \/>\n<meta property=\"og:type\" content=\"article\" \/>\n<meta property=\"og:title\" content=\"Services | China Africa Sourcing\" \/>\n<meta property=\"og:url\" content=\"https:\/\/chinaafricasourcing.com\/fr\/our-services\/\" \/>\n<meta property=\"og:site_name\" content=\"China Africa Sourcing\" \/>\n<meta property=\"article:modified_time\" content=\"2022-09-23T08:38:36+00:00\" \/>\n<meta property=\"og:image\" content=\"https:\/\/chinaafricasourcing.com\/wp-content\/uploads\/2021\/05\/Stone-crusher-machinery-Photo-05.jpg\" \/>\n<meta name=\"twitter:card\" content=\"summary_large_image\" \/>\n<meta name=\"twitter:label1\" content=\"Dur\u00e9e de lecture estim\u00e9e\" \/>\n\t<meta name=\"twitter:data1\" content=\"3 minutes\" \/>\n<script type=\"application\/ld+json\" class=\"yoast-schema-graph\">{\"@context\":\"https:\/\/schema.org\",\"@graph\":[{\"@type\":\"WebPage\",\"@id\":\"https:\/\/chinaafricasourcing.com\/fr\/our-services\/\",\"url\":\"https:\/\/chinaafricasourcing.com\/fr\/our-services\/\",\"name\":\"Services | China Africa Sourcing\",\"isPartOf\":{\"@id\":\"https:\/\/chinaafricasourcing.com\/fr\/#website\"},\"datePublished\":\"2018-01-16T10:11:37+00:00\",\"dateModified\":\"2022-09-23T08:38:36+00:00\",\"breadcrumb\":{\"@id\":\"https:\/\/chinaafricasourcing.com\/fr\/our-services\/#breadcrumb\"},\"inLanguage\":\"fr-FR\",\"potentialAction\":[{\"@type\":\"ReadAction\",\"target\":[\"https:\/\/chinaafricasourcing.com\/fr\/our-services\/\"]}]},{\"@type\":\"BreadcrumbList\",\"@id\":\"https:\/\/chinaafricasourcing.com\/fr\/our-services\/#breadcrumb\",\"itemListElement\":[{\"@type\":\"ListItem\",\"position\":1,\"name\":\"Home\",\"item\":\"https:\/\/chinaafricasourcing.com\/\"},{\"@type\":\"ListItem\",\"position\":2,\"name\":\"Services\"}]},{\"@type\":\"WebSite\",\"@id\":\"https:\/\/chinaafricasourcing.com\/fr\/#website\",\"url\":\"https:\/\/chinaafricasourcing.com\/fr\/\",\"name\":\"China Africa Sourcing\",\"description\":\"Your Belgian Partner for Sino-African Projects\",\"publisher\":{\"@id\":\"https:\/\/chinaafricasourcing.com\/fr\/#organization\"},\"potentialAction\":[{\"@type\":\"SearchAction\",\"target\":{\"@type\":\"EntryPoint\",\"urlTemplate\":\"https:\/\/chinaafricasourcing.com\/fr\/?s={search_term_string}\"},\"query-input\":\"required name=search_term_string\"}],\"inLanguage\":\"fr-FR\"},{\"@type\":\"Organization\",\"@id\":\"https:\/\/chinaafricasourcing.com\/fr\/#organization\",\"name\":\"China Africa Sourcing\",\"url\":\"https:\/\/chinaafricasourcing.com\/fr\/\",\"logo\":{\"@type\":\"ImageObject\",\"inLanguage\":\"fr-FR\",\"@id\":\"https:\/\/chinaafricasourcing.com\/fr\/#\/schema\/logo\/image\/\",\"url\":\"https:\/\/chinaafricasourcing.com\/wp-content\/uploads\/2022\/09\/logo-2.png\",\"contentUrl\":\"https:\/\/chinaafricasourcing.com\/wp-content\/uploads\/2022\/09\/logo-2.png\",\"width\":130,\"height\":130,\"caption\":\"China Africa Sourcing\"},\"image\":{\"@id\":\"https:\/\/chinaafricasourcing.com\/fr\/#\/schema\/logo\/image\/\"}}]}<\/script>\n<!-- \/ Yoast SEO plugin. -->","yoast_head_json":{"title":"Services | China Africa Sourcing","robots":{"index":"index","follow":"follow","max-snippet":"max-snippet:-1","max-image-preview":"max-image-preview:large","max-video-preview":"max-video-preview:-1"},"canonical":"https:\/\/chinaafricasourcing.com\/fr\/our-services\/","og_locale":"fr_FR","og_type":"article","og_title":"Services | China Africa Sourcing","og_url":"https:\/\/chinaafricasourcing.com\/fr\/our-services\/","og_site_name":"China Africa Sourcing","article_modified_time":"2022-09-23T08:38:36+00:00","og_image":[{"url":"https:\/\/chinaafricasourcing.com\/wp-content\/uploads\/2021\/05\/Stone-crusher-machinery-Photo-05.jpg"}],"twitter_card":"summary_large_image","twitter_misc":{"Dur\u00e9e de lecture estim\u00e9e":"3 minutes"},"schema":{"@context":"https:\/\/schema.org","@graph":[{"@type":"WebPage","@id":"https:\/\/chinaafricasourcing.com\/fr\/our-services\/","url":"https:\/\/chinaafricasourcing.com\/fr\/our-services\/","name":"Services | China Africa Sourcing","isPartOf":{"@id":"https:\/\/chinaafricasourcing.com\/fr\/#website"},"datePublished":"2018-01-16T10:11:37+00:00","dateModified":"2022-09-23T08:38:36+00:00","breadcrumb":{"@id":"https:\/\/chinaafricasourcing.com\/fr\/our-services\/#breadcrumb"},"inLanguage":"fr-FR","potentialAction":[{"@type":"ReadAction","target":["https:\/\/chinaafricasourcing.com\/fr\/our-services\/"]}]},{"@type":"BreadcrumbList","@id":"https:\/\/chinaafricasourcing.com\/fr\/our-services\/#breadcrumb","itemListElement":[{"@type":"ListItem","position":1,"name":"Home","item":"https:\/\/chinaafricasourcing.com\/"},{"@type":"ListItem","position":2,"name":"Services"}]},{"@type":"WebSite","@id":"https:\/\/chinaafricasourcing.com\/fr\/#website","url":"https:\/\/chinaafricasourcing.com\/fr\/","name":"Chine Afrique Sourcing","description":"Votre partenaire belge pour les projets sino-africains","publisher":{"@id":"https:\/\/chinaafricasourcing.com\/fr\/#organization"},"potentialAction":[{"@type":"SearchAction","target":{"@type":"EntryPoint","urlTemplate":"https:\/\/chinaafricasourcing.com\/fr\/?s={search_term_string}"},"query-input":"required name=search_term_string"}],"inLanguage":"fr-FR"},{"@type":"Organization","@id":"https:\/\/chinaafricasourcing.com\/fr\/#organization","name":"Chine Afrique Sourcing","url":"https:\/\/chinaafricasourcing.com\/fr\/","logo":{"@type":"ImageObject","inLanguage":"fr-FR","@id":"https:\/\/chinaafricasourcing.com\/fr\/#\/schema\/logo\/image\/","url":"https:\/\/chinaafricasourcing.com\/wp-content\/uploads\/2022\/09\/logo-2.png","contentUrl":"https:\/\/chinaafricasourcing.com\/wp-content\/uploads\/2022\/09\/logo-2.png","width":130,"height":130,"caption":"China Africa Sourcing"},"image":{"@id":"https:\/\/chinaafricasourcing.com\/fr\/#\/schema\/logo\/image\/"}}]}},"_links":{"self":[{"href":"https:\/\/chinaafricasourcing.com\/fr\/wp-json\/wp\/v2\/pages\/2315","targetHints":{"allow":["GET"]}}],"collection":[{"href":"https:\/\/chinaafricasourcing.com\/fr\/wp-json\/wp\/v2\/pages"}],"about":[{"href":"https:\/\/chinaafricasourcing.com\/fr\/wp-json\/wp\/v2\/types\/page"}],"author":[{"embeddable":true,"href":"https:\/\/chinaafricasourcing.com\/fr\/wp-json\/wp\/v2\/users\/3"}],"replies":[{"embeddable":true,"href":"https:\/\/chinaafricasourcing.com\/fr\/wp-json\/wp\/v2\/comments?post=2315"}],"version-history":[{"count":16,"href":"https:\/\/chinaafricasourcing.com\/fr\/wp-json\/wp\/v2\/pages\/2315\/revisions"}],"predecessor-version":[{"id":3839,"href":"https:\/\/chinaafricasourcing.com\/fr\/wp-json\/wp\/v2\/pages\/2315\/revisions\/3839"}],"wp:attachment":[{"href":"https:\/\/chinaafricasourcing.com\/fr\/wp-json\/wp\/v2\/media?parent=2315"}],"curies":[{"name":"wp","href":"https:\/\/api.w.org\/{rel}","templated":true}]}}